{"id":6,"date":"2015-07-15T14:13:34","date_gmt":"2015-07-15T14:13:34","guid":{"rendered":"http:\/\/megaodontorj.wordpress.com\/?page_id=1"},"modified":"2026-02-07T18:30:48","modified_gmt":"2026-02-07T21:30:48","slug":"sobre","status":"publish","type":"page","link":"https:\/\/megaodonto.com.br\/?page_id=6","title":{"rendered":"Sobre a empresa"},"content":{"rendered":"<p>A <strong data-start=\"2177\" data-end=\"2191\">MegaOdonto<\/strong> \u00e9 uma assist\u00eancia t\u00e9cnica odontol\u00f3gica e com\u00e9rcio especializada no atendimento a profissionais da odontologia e t\u00e9cnicos do setor. Atuamos com foco em equipamentos e solu\u00e7\u00f5es de imagem, oferecendo assist\u00eancia t\u00e9cnica, orienta\u00e7\u00e3o na compra e venda de equipamentos.<!--more--><\/p>\n<p data-start=\"2457\" data-end=\"2826\">Com mais de duas d\u00e9cadas de atua\u00e7\u00e3o no Rio de Janeiro, a empresa \u00e9 liderada tecnicamente por <strong data-start=\"2550\" data-end=\"2564\">Jorge Sete<\/strong>, profissional com mais de tr\u00eas d\u00e9cadas de experi\u00eancia no ramo odontol\u00f3gico. Ao longo desse per\u00edodo, contribu\u00edmos para a forma\u00e7\u00e3o de t\u00e9cnicos e para o suporte a cl\u00ednicas e consult\u00f3rios, sempre com foco na satisfa\u00e7\u00e3o do cliente e na durabilidade dos equipamentos.<\/p>\n<p data-start=\"2828\" data-end=\"3013\">O atendimento t\u00e9cnico \u00e9 realizado em nossa oficina, onde contamos com estrutura adequada para diagn\u00f3stico, reparo e testes, garantindo seguran\u00e7a e confiabilidade nos servi\u00e7os prestados.<\/p>\n<blockquote data-start=\"3421\" data-end=\"3474\">\n<p data-start=\"3423\" data-end=\"3474\"><strong data-start=\"3423\" data-end=\"3474\">Equipamentos atendidos pela assist\u00eancia t\u00e9cnica<\/strong><\/p>\n<\/blockquote>\n<ul>\n<li data-start=\"3504\" data-end=\"3592\">Realizamos reparos e manuten\u00e7\u00e3o em equipamentos odontol\u00f3gicos de uso cl\u00ednico, incluindo:<\/li>\n<li data-start=\"3626\" data-end=\"3682\">Canetas de alta e baixa rota\u00e7\u00e3o (Dabi, Kavo, Schuster)<\/li>\n<li data-start=\"3685\" data-end=\"3721\">Destiladoras (Crist\u00f3foli, Bioarte)<\/li>\n<li data-start=\"3724\" data-end=\"3768\">Cubas ultrass\u00f4nicas (Schuster, Crist\u00f3foli)<\/li>\n<li data-start=\"3771\" data-end=\"3782\">Seladoras (Schuster, Dabi)<\/li>\n<li data-start=\"3785\" data-end=\"3802\">Bombas de v\u00e1cuo (Schuster, Dabi)<\/li>\n<li data-start=\"3785\" data-end=\"3802\">Aparelhos de profilaxia US\/JT (Schuster, Dabi)<\/li>\n<li data-start=\"3856\" data-end=\"3906\">Fotopolimerizadores (D700, Schuster, Crist\u00f3foli)<\/li>\n<li data-start=\"3909\" data-end=\"3944\">Equipamentos perif\u00e9ricos em geral<\/li>\n<\/ul>\n<blockquote data-start=\"4019\" data-end=\"4053\">\n<p data-start=\"4021\" data-end=\"4053\"><strong data-start=\"4021\" data-end=\"4053\">Equipamentos comercializados<\/strong><\/p>\n<\/blockquote>\n<ul>\n<li data-start=\"4089\" data-end=\"4110\">Raio X odontol\u00f3gico<\/li>\n<li data-start=\"4113\" data-end=\"4130\">Bombas de v\u00e1cuo<\/li>\n<li data-start=\"4133\" data-end=\"4147\">Compressores<\/li>\n<li data-start=\"4150\" data-end=\"4161\">Ultrassom<\/li>\n<li data-start=\"4164\" data-end=\"4197\">Canetas de alta e baixa rota\u00e7\u00e3o<\/li>\n<li data-start=\"4200\" data-end=\"4221\">Fotopolimerizadores<\/li>\n<li data-start=\"4224\" data-end=\"4255\">Outros produtos odontol\u00f3gicos<\/li>\n<\/ul>\n<p><strong>Autorizada pelas ind\u00fastrias<\/strong><\/p>\n<p data-start=\"4372\" data-end=\"4386\">Dabi Atlante \u25cf Schuster \u25cf D700 \u25cf DCL \u2013 Dent\u00e1ria Campineira (Compressores Stelo) \u25cf Crist\u00f3foli<\/p>\n<p><strong>Fa\u00e7a suas consultas<\/strong><\/p>\n<p>Telefones: 2587-8660<br \/>\nWhatsapp: 21 98743-4319<br \/>\nE-mail: megaodontorj@hotmail.com<\/p>\n","protected":false},"excerpt":{"rendered":"<p>A MegaOdonto \u00e9 uma assist\u00eancia t\u00e9cnica odontol\u00f3gica e com\u00e9rcio especializada no atendimento a profissionais da odontologia e t\u00e9cnicos do setor. Atuamos com foco em equipamentos e solu\u00e7\u00f5es de imagem, oferecendo assist\u00eancia t\u00e9cnica, orienta\u00e7\u00e3o na compra e venda de equipamentos.<\/p>\n","protected":false},"author":1,"featured_media":0,"parent":0,"menu_order":1,"comment_status":"closed","ping_status":"closed","template":"page-templates\/full-width-page.php","meta":{"_joinchat":[],"footnotes":""},"class_list":["post-6","page","type-page","status-publish","hentry"],"_links":{"self":[{"href":"https:\/\/megaodonto.com.br\/index.php?rest_route=\/wp\/v2\/pages\/6","targetHints":{"allow":["GET"]}}],"collection":[{"href":"https:\/\/megaodonto.com.br\/index.php?rest_route=\/wp\/v2\/pages"}],"about":[{"href":"https:\/\/megaodonto.com.br\/index.php?rest_route=\/wp\/v2\/types\/page"}],"author":[{"embeddable":true,"href":"https:\/\/megaodonto.com.br\/index.php?rest_route=\/wp\/v2\/users\/1"}],"replies":[{"embeddable":true,"href":"https:\/\/megaodonto.com.br\/index.php?rest_route=%2Fwp%2Fv2%2Fcomments&post=6"}],"version-history":[{"count":6,"href":"https:\/\/megaodonto.com.br\/index.php?rest_route=\/wp\/v2\/pages\/6\/revisions"}],"predecessor-version":[{"id":181,"href":"https:\/\/megaodonto.com.br\/index.php?rest_route=\/wp\/v2\/pages\/6\/revisions\/181"}],"wp:attachment":[{"href":"https:\/\/megaodonto.com.br\/index.php?rest_route=%2Fwp%2Fv2%2Fmedia&parent=6"}],"curies":[{"name":"wp","href":"https:\/\/api.w.org\/{rel}","templated":true}]}}