{"id":90,"date":"2016-09-01T18:59:24","date_gmt":"2016-09-01T18:59:24","guid":{"rendered":"http:\/\/megaodontorj.com.br\/?page_id=90"},"modified":"2026-02-11T19:50:20","modified_gmt":"2026-02-11T22:50:20","slug":"dicas-e-perguntas-frequentes","status":"publish","type":"page","link":"https:\/\/megaodonto.com.br\/?page_id=90","title":{"rendered":"Dicas e Perguntas frequentes"},"content":{"rendered":"<p>Acompanhe aqui os artigos de nossa equipe t\u00e9cnica, com informa\u00e7\u00f5es relevantes para manuten\u00e7\u00e3o de equipamentos e perguntas frequentes de t\u00e9cnicos e dentistas.<\/p>\n<p><!--more--><\/p>\n<p><!-- NOVA NOT\u00cdCIA --><\/p>\n<header class=\"entry-header\">\n<h1 class=\"entry-title\">\n    <a href=\"http:\/\/megaodonto.com.br\/?p=183\"><br \/>\n      Seu consult\u00f3rio j\u00e1 tem raio-X port\u00e1til?<br \/>\n    <\/a><\/h1>\n<div class=\"entry-meta\">\n    <span class=\"posted-on\"><br \/>\n      Publicado em<br \/>\n      <a href=\"http:\/\/megaodonto.com.br\/?p=183\" rel=\"bookmark\"><br \/>\n        <time class=\"entry-date published\" datetime=\"2026-02-11T00:00:00+00:00\"><br \/>\n          11 de fevereiro de 2026<br \/>\n        <\/time><br \/>\n      <\/a><br \/>\n    <\/span><br \/>\n    <span class=\"byline\"><br \/>\n      por<br \/>\n      <span class=\"author vcard\"><br \/>\n        <a class=\"url fn n\" href=\"http:\/\/megaodonto.com.br\/?author=1\"><br \/>\n          megaodonto.com.br<br \/>\n        <\/a><br \/>\n      <\/span><br \/>\n    <\/span><\/div>\n<\/header>\n<div class=\"entry-content\">\n<p>    <a href=\"http:\/\/megaodonto.com.br\/?p=183\"><br \/>\n      <img loading=\"lazy\" decoding=\"async\" class=\"size-medium alignleft\"\n           src=\"https:\/\/dabiatlante.com.br\/wp-content\/uploads\/2022\/08\/raiosx-dabi-portatil2-1.png\"\n           alt=\"Eagle X-Ray port\u00e1til Dabi Atlante\"\n           width=\"300\"\n           height=\"300\" \/><br \/>\n    <\/a><\/p>\n<p>Atualizar o consult\u00f3rio hoje n\u00e3o \u00e9 apenas trocar equipamentos, mas tornar a pr\u00e1tica mais eficiente e protegida.<br \/>\n    O raio-X port\u00e1til permite mais mobilidade, menos deslocamento do paciente e maior integra\u00e7\u00e3o entre salas cl\u00ednicas.<br \/>\n    Com 60 kVp, 2,5 mA e ponto focal de 0,4 \u00d7 0,4 mm, o Eagle X-Ray oferece defini\u00e7\u00e3o de imagem com controle t\u00e9cnico e registro ANVISA.<\/p>\n<p>Somos representantes da ind\u00fastria no Rio de Janeiro e assist\u00eancia t\u00e9cnica especializada.<br \/>\n    <a href=\"mailto:atendimento@megaodonto.com\"><strong>Fale conosco por e-mail<\/strong><\/a><br \/>\n    ou pelo<br \/>\n    <a href=\"https:\/\/wa.me\/5521987434319\" target=\"_blank\" rel=\"noopener\"><br \/>\n      <strong>WhatsApp<\/strong><br \/>\n    <\/a>.<\/p>\n<p><a href=\"http:\/\/megaodonto.com.br\/?p=183\"><br \/>\n      <strong>LEIA MAIS<\/strong><br \/>\n    <\/a><\/p>\n<\/div>\n<hr \/>\n<p><!-- POST MORCEGO (mantido) --><\/p>\n<header class=\"entry-header\">\n<h1 class=\"entry-title\">\n    <a href=\"http:\/\/megaodonto.com.br\/?p=87\"><br \/>\n      O que um morcego pode ensinar sobre a manuten\u00e7\u00e3o do seu Contra \u00c2ngulo?<br \/>\n    <\/a><\/h1>\n<div class=\"entry-meta\">\n    <span class=\"posted-on\"><br \/>\n      Publicado em<br \/>\n      <a href=\"http:\/\/megaodonto.com.br\/?p=87\" rel=\"bookmark\"><br \/>\n        <time class=\"entry-date published\" datetime=\"2016-08-31T19:52:46+00:00\"><br \/>\n          31 de agosto de 2016<br \/>\n        <\/time><br \/>\n      <\/a><br \/>\n    <\/span><br \/>\n    <span class=\"byline\"><br \/>\n      por<br \/>\n      <span class=\"author vcard\"><br \/>\n        <a class=\"url fn n\" href=\"http:\/\/megaodonto.com.br\/?author=1\"><br \/>\n          megaodonto.com.br<br \/>\n        <\/a><br \/>\n      <\/span><br \/>\n    <\/span><\/div>\n<\/header>\n<div class=\"entry-content\">\n<p>    <img loading=\"lazy\" decoding=\"async\" class=\"size-medium wp-image-96 alignleft\"\n         src=\"http:\/\/megaodonto.com.br\/wp-content\/uploads\/2018\/04\/sunset-chaser-300x300.png\"\n         alt=\"Manuten\u00e7\u00e3o de Contra \u00c2ngulo\"\n         width=\"300\"\n         height=\"300\" \/><\/p>\n<p>Economia inteligente come\u00e7a nos detalhes. O morcego dorme de cabe\u00e7a para baixo para poupar energia antes do voo.<br \/>\n    O Contra \u00c2ngulo n\u00e3o voa, mas possui engrenagens t\u00e3o importantes quanto as turbinas de um avi\u00e3o.<br \/>\n    Aprender a usar a gravidade a seu favor pode prolongar a vida \u00fatil do equipamento.<\/p>\n<p><a href=\"http:\/\/megaodonto.com.br\/?p=87\"><br \/>\n      <strong>LEIA MAIS<\/strong><br \/>\n    <\/a><\/p>\n<\/div>\n","protected":false},"excerpt":{"rendered":"<p>Acompanhe aqui os artigos de nossa equipe t\u00e9cnica, com informa\u00e7\u00f5es relevantes para manuten\u00e7\u00e3o de equipamentos e perguntas frequentes de t\u00e9cnicos e dentistas.<\/p>\n","protected":false},"author":1,"featured_media":0,"parent":0,"menu_order":0,"comment_status":"closed","ping_status":"closed","template":"","meta":{"_joinchat":[],"footnotes":""},"class_list":["post-90","page","type-page","status-publish","hentry"],"_links":{"self":[{"href":"https:\/\/megaodonto.com.br\/index.php?rest_route=\/wp\/v2\/pages\/90","targetHints":{"allow":["GET"]}}],"collection":[{"href":"https:\/\/megaodonto.com.br\/index.php?rest_route=\/wp\/v2\/pages"}],"about":[{"href":"https:\/\/megaodonto.com.br\/index.php?rest_route=\/wp\/v2\/types\/page"}],"author":[{"embeddable":true,"href":"https:\/\/megaodonto.com.br\/index.php?rest_route=\/wp\/v2\/users\/1"}],"replies":[{"embeddable":true,"href":"https:\/\/megaodonto.com.br\/index.php?rest_route=%2Fwp%2Fv2%2Fcomments&post=90"}],"version-history":[{"count":13,"href":"https:\/\/megaodonto.com.br\/index.php?rest_route=\/wp\/v2\/pages\/90\/revisions"}],"predecessor-version":[{"id":194,"href":"https:\/\/megaodonto.com.br\/index.php?rest_route=\/wp\/v2\/pages\/90\/revisions\/194"}],"wp:attachment":[{"href":"https:\/\/megaodonto.com.br\/index.php?rest_route=%2Fwp%2Fv2%2Fmedia&parent=90"}],"curies":[{"name":"wp","href":"https:\/\/api.w.org\/{rel}","templated":true}]}}